{"id":21991,"date":"2025-08-22T21:29:01","date_gmt":"2025-08-22T19:29:01","guid":{"rendered":"https:\/\/operajunior.org\/?page_id=21991"},"modified":"2025-08-22T21:47:11","modified_gmt":"2025-08-22T19:47:11","slug":"mentions-legales","status":"publish","type":"page","link":"https:\/\/operajunior.org\/index.php\/mentions-legales\/","title":{"rendered":"Mentions l\u00e9gales"},"content":{"rendered":"\t\t<div data-elementor-type=\"wp-page\" data-elementor-id=\"21991\" class=\"elementor elementor-21991\">\n\t\t\t\t\t\t<section style=\"background-image: url(http:\/\/operajunior.org\/wp-content\/uploads\/2025\/08\/OJFondMentionslegales.jpg);\" class=\"parallax_section_holder elementor-section elementor-top-section elementor-element elementor-element-6b6e768d elementor-section-full_width parallax_section_holder elementor-section-height-default elementor-section-height-default qode_elementor_container_no qode-content-aligment-left\" data-speed=\"0\" data-id=\"6b6e768d\" data-element_type=\"section\" data-settings=\"{&quot;qode_parallax_image&quot;:{&quot;url&quot;:&quot;http:\\\/\\\/operajunior.org\\\/wp-content\\\/uploads\\\/2025\\\/08\\\/OJFondMentionslegales.jpg&quot;,&quot;id&quot;:21994,&quot;size&quot;:&quot;&quot;,&quot;alt&quot;:&quot;&quot;,&quot;source&quot;:&quot;library&quot;},&quot;background_background&quot;:&quot;slideshow&quot;,&quot;background_slideshow_gallery&quot;:[],&quot;background_slideshow_loop&quot;:&quot;yes&quot;,&quot;background_slideshow_slide_duration&quot;:5000,&quot;background_slideshow_slide_transition&quot;:&quot;fade&quot;,&quot;background_slideshow_transition_duration&quot;:500}\">\n\t\t\t\t\t\t<div class=\"elementor-container elementor-column-gap-default\">\n\t\t\t\t\t<div class=\"elementor-column elementor-col-100 elementor-top-column elementor-element elementor-element-2f9611a4\" data-id=\"2f9611a4\" data-element_type=\"column\">\n\t\t\t<div class=\"elementor-widget-wrap elementor-element-populated\">\n\t\t\t\t\t\t<div class=\"elementor-element elementor-element-38f5d8fb elementor-widget elementor-widget-spacer\" data-id=\"38f5d8fb\" data-element_type=\"widget\" data-widget_type=\"spacer.default\">\n\t\t\t\t\t\t\t<div class=\"elementor-spacer\">\n\t\t\t<div class=\"elementor-spacer-inner\"><\/div>\n\t\t<\/div>\n\t\t\t\t\t\t<\/div>\n\t\t\t\t\t<\/div>\n\t\t<\/div>\n\t\t\t\t\t<\/div>\n\t\t<\/section>\n\t\t\t\t<section class=\"elementor-section elementor-top-section elementor-element elementor-element-5ae11bc0 elementor-section-full_width elementor-section-height-default elementor-section-height-default parallax_section_no qode_elementor_container_no qode-content-aligment-left\" data-id=\"5ae11bc0\" data-element_type=\"section\">\n\t\t\t\t\t\t<div class=\"elementor-container elementor-column-gap-default\">\n\t\t\t\t\t<div class=\"elementor-column elementor-col-100 elementor-top-column elementor-element elementor-element-322a7824\" data-id=\"322a7824\" data-element_type=\"column\">\n\t\t\t<div class=\"elementor-widget-wrap elementor-element-populated\">\n\t\t\t\t\t\t<div class=\"elementor-element elementor-element-5c970b3b elementor-widget-divider--view-line elementor-widget elementor-widget-divider\" data-id=\"5c970b3b\" data-element_type=\"widget\" data-widget_type=\"divider.default\">\n\t\t\t\t\t\t\t<div class=\"elementor-divider\">\n\t\t\t<span class=\"elementor-divider-separator\">\n\t\t\t\t\t\t<\/span>\n\t\t<\/div>\n\t\t\t\t\t\t<\/div>\n\t\t\t\t<div class=\"elementor-element elementor-element-44b46982 elementor-widget elementor-widget-text-editor\" data-id=\"44b46982\" data-element_type=\"widget\" data-widget_type=\"text-editor.default\">\n\t\t\t\t\t\t\t\t\t<h4>Responsables \u00e9ditoriaux<\/h4>\t\t\t\t\t\t\t\t<\/div>\n\t\t\t\t\t<\/div>\n\t\t<\/div>\n\t\t\t\t\t<\/div>\n\t\t<\/section>\n\t\t\t\t<section class=\"elementor-section elementor-top-section elementor-element elementor-element-6b280dd4 qode_elementor_container_inner elementor-section-boxed elementor-section-height-default elementor-section-height-default parallax_section_no qode-content-aligment-left\" data-id=\"6b280dd4\" data-element_type=\"section\">\n\t\t\t\t\t\t<div class=\"elementor-container elementor-column-gap-default\">\n\t\t\t\t\t<div class=\"elementor-column elementor-col-100 elementor-top-column elementor-element elementor-element-52717820\" data-id=\"52717820\" data-element_type=\"column\">\n\t\t\t<div class=\"elementor-widget-wrap elementor-element-populated\">\n\t\t\t\t\t\t<div class=\"elementor-element elementor-element-634fa19f elementor-widget elementor-widget-text-editor\" data-id=\"634fa19f\" data-element_type=\"widget\" data-widget_type=\"text-editor.default\">\n\t\t\t\t\t\t\t\t\t<p>Sauf mention contraire, l\u2019ensemble du site et de ses contenus sont la propri\u00e9t\u00e9 et sous la responsabilit\u00e9 de l\u2019association :<br \/><strong>Op\u00e9ra Junior<br \/>7, Avenue Georges Cl\u00e9menceau<br \/>41100 Vend\u00f4me<\/strong><br \/>SIRET n\u00b092441500300012<br \/>info@operajunior.org<\/p><p><br \/>Site h\u00e9berg\u00e9 par OVH \u00e0 Gravelines (Nord \u2013 59), et propuls\u00e9 par WordPress 6.6 \u2013 PHP 8.4 \u00e0 partir d\u2019un design original de <a href=\"https:\/\/qodeinteractive.com\/\">Qode Interactive<\/a><\/p>\t\t\t\t\t\t\t\t<\/div>\n\t\t\t\t\t<\/div>\n\t\t<\/div>\n\t\t\t\t\t<\/div>\n\t\t<\/section>\n\t\t\t\t<section class=\"elementor-section elementor-top-section elementor-element elementor-element-b7d2237 elementor-section-full_width elementor-section-height-default elementor-section-height-default parallax_section_no qode_elementor_container_no qode-content-aligment-left\" data-id=\"b7d2237\" data-element_type=\"section\">\n\t\t\t\t\t\t<div class=\"elementor-container elementor-column-gap-default\">\n\t\t\t\t\t<div class=\"elementor-column elementor-col-100 elementor-top-column elementor-element elementor-element-1e79b3a\" data-id=\"1e79b3a\" data-element_type=\"column\">\n\t\t\t<div class=\"elementor-widget-wrap elementor-element-populated\">\n\t\t\t\t\t\t<div class=\"elementor-element elementor-element-ad78cff elementor-widget-divider--view-line elementor-widget elementor-widget-divider\" data-id=\"ad78cff\" data-element_type=\"widget\" data-widget_type=\"divider.default\">\n\t\t\t\t\t\t\t<div class=\"elementor-divider\">\n\t\t\t<span class=\"elementor-divider-separator\">\n\t\t\t\t\t\t<\/span>\n\t\t<\/div>\n\t\t\t\t\t\t<\/div>\n\t\t\t\t<div class=\"elementor-element elementor-element-dda7918 elementor-widget elementor-widget-text-editor\" data-id=\"dda7918\" data-element_type=\"widget\" data-widget_type=\"text-editor.default\">\n\t\t\t\t\t\t\t\t\t<h4>Restrictions d&#8217;utilisation<\/h4>\t\t\t\t\t\t\t\t<\/div>\n\t\t\t\t\t<\/div>\n\t\t<\/div>\n\t\t\t\t\t<\/div>\n\t\t<\/section>\n\t\t\t\t<section class=\"elementor-section elementor-top-section elementor-element elementor-element-fec9808 qode_elementor_container_inner elementor-section-boxed elementor-section-height-default elementor-section-height-default parallax_section_no qode-content-aligment-left\" data-id=\"fec9808\" data-element_type=\"section\">\n\t\t\t\t\t\t<div class=\"elementor-container elementor-column-gap-default\">\n\t\t\t\t\t<div class=\"elementor-column elementor-col-100 elementor-top-column elementor-element elementor-element-5c0a0ee\" data-id=\"5c0a0ee\" data-element_type=\"column\">\n\t\t\t<div class=\"elementor-widget-wrap elementor-element-populated\">\n\t\t\t\t\t\t<div class=\"elementor-element elementor-element-a1cc9c5 elementor-widget elementor-widget-text-editor\" data-id=\"a1cc9c5\" data-element_type=\"widget\" data-widget_type=\"text-editor.default\">\n\t\t\t\t\t\t\t\t\t<h6>Propri\u00e9t\u00e9 intellectuelle sur l\u2019ensemble du site web<\/h6><p>\u00a0<\/p><p>L\u2019ensemble du site web \u00ab operajunior.org \u00bb, ainsi que les textes et illustrations qui le composent, notamment graphiques et photographiques, sont la propri\u00e9t\u00e9 de l\u2019association Op\u00e9ra Junior ou sont utilis\u00e9s par l\u2019association Op\u00e9ra Junior avec l\u2019accord des titulaires des droits d\u2019auteur ou du droit sur les marques. \u00c0 ce titre, ils sont prot\u00e9g\u00e9s par la l\u00e9gislation fran\u00e7aise, communautaire et internationale sur le droit de la propri\u00e9t\u00e9 intellectuelle.<\/p><p>Vous ne disposez d\u2019aucun droit ni d\u2019aucune licence pour en faire usage de quelque fa\u00e7on que ce soit, sans l\u2019accord \u00e9crit et pr\u00e9alable de l\u2019association Op\u00e9ra Junior ou des personnes, physiques ou morales, auxquelles appartiennent ces droits d\u2019auteur ou marques d\u00e9pos\u00e9es.<\/p><p>Le Code de la propri\u00e9t\u00e9 intellectuelle n\u2019autorisant, aux termes de l\u2019article L 122-5, d\u2019une part, que les \u00ab copies ou reproductions strictement r\u00e9serv\u00e9es \u00e0 l\u2019usage priv\u00e9 du copiste et non destin\u00e9es \u00e0 une utilisation collective \u00bb et, d\u2019autre part, que les analyses et les courtes citations dans un but d\u2019exemple et d\u2019illustration, \u00ab toute repr\u00e9sentation ou reproduction int\u00e9grale ou partielle faite sans le consentement de l\u2019auteur ou de ses ayants droit ou ayants cause est illicite \u00bb (art L 122-4).<\/p><p>Cette repr\u00e9sentation ou reproduction, par quelque proc\u00e9d\u00e9 que ce soit, constituerait donc une contrefa\u00e7on sanctionn\u00e9e par les articles L 335-2 et suivants du Code de la propri\u00e9t\u00e9 intellectuelle.<\/p><p>Outre les violations des droits de propri\u00e9t\u00e9 intellectuelle, toute reproduction ou utilisation non autoris\u00e9e peut entra\u00eener une violation des droits des personnes ou de toutes autres r\u00e9glementations applicables aux communication ou \u00e0 la publicit\u00e9. Toute reproduction ou utilisation de \u00ab operajunior.org \u00bb et\/ou des \u00e9l\u00e9ments le composant qui serait autoris\u00e9e par l&#8217;Association devra mentionner la source et le titulaire des droits de propri\u00e9t\u00e9 aff\u00e9rents.<\/p><p>\u00a0<\/p>\t\t\t\t\t\t\t\t<\/div>\n\t\t\t\t\t<\/div>\n\t\t<\/div>\n\t\t\t\t\t<\/div>\n\t\t<\/section>\n\t\t\t\t<section class=\"elementor-section elementor-top-section elementor-element elementor-element-493dca7 elementor-section-full_width elementor-section-height-default elementor-section-height-default parallax_section_no qode_elementor_container_no qode-content-aligment-left\" data-id=\"493dca7\" data-element_type=\"section\">\n\t\t\t\t\t\t<div class=\"elementor-container elementor-column-gap-default\">\n\t\t\t\t\t<div class=\"elementor-column elementor-col-100 elementor-top-column elementor-element elementor-element-fec216c\" data-id=\"fec216c\" data-element_type=\"column\">\n\t\t\t<div class=\"elementor-widget-wrap elementor-element-populated\">\n\t\t\t\t\t\t<div class=\"elementor-element elementor-element-7d646e1 elementor-widget-divider--view-line elementor-widget elementor-widget-divider\" data-id=\"7d646e1\" data-element_type=\"widget\" data-widget_type=\"divider.default\">\n\t\t\t\t\t\t\t<div class=\"elementor-divider\">\n\t\t\t<span class=\"elementor-divider-separator\">\n\t\t\t\t\t\t<\/span>\n\t\t<\/div>\n\t\t\t\t\t\t<\/div>\n\t\t\t\t<div class=\"elementor-element elementor-element-1ba5fc4 elementor-widget elementor-widget-text-editor\" data-id=\"1ba5fc4\" data-element_type=\"widget\" data-widget_type=\"text-editor.default\">\n\t\t\t\t\t\t\t\t\t<h4>Responsabilit\u00e9<\/h4>\t\t\t\t\t\t\t\t<\/div>\n\t\t\t\t\t<\/div>\n\t\t<\/div>\n\t\t\t\t\t<\/div>\n\t\t<\/section>\n\t\t\t\t<section class=\"elementor-section elementor-top-section elementor-element elementor-element-34423ff qode_elementor_container_inner elementor-section-boxed elementor-section-height-default elementor-section-height-default parallax_section_no qode-content-aligment-left\" data-id=\"34423ff\" data-element_type=\"section\">\n\t\t\t\t\t\t<div class=\"elementor-container elementor-column-gap-default\">\n\t\t\t\t\t<div class=\"elementor-column elementor-col-100 elementor-top-column elementor-element elementor-element-83dcdd7\" data-id=\"83dcdd7\" data-element_type=\"column\">\n\t\t\t<div class=\"elementor-widget-wrap elementor-element-populated\">\n\t\t\t\t\t\t<div class=\"elementor-element elementor-element-51c5fba elementor-widget elementor-widget-text-editor\" data-id=\"51c5fba\" data-element_type=\"widget\" data-widget_type=\"text-editor.default\">\n\t\t\t\t\t\t\t\t\t<h6>Absence de garanties<\/h6><p>\u00a0<\/p><p>L\u2019association Op\u00e9ra Junior d\u00e9cline toute responsabilit\u00e9 en cas de difficult\u00e9 d\u2019acc\u00e8s ou d\u2019interruption dans la connexion.<\/p><p>En outre, l\u2019association Op\u00e9ra Junior se r\u00e9serve le droit, pour toutes raisons et \u00e0 sa seule discr\u00e9tion, de r\u00e9silier, modifier, suspendre ou interrompre l\u2019acc\u00e8s \u00e0 tout ou partie de \u00ab operajunior.org \u00bb, sans avis pr\u00e9alable.<\/p><p>Vous reconnaissez que tout \u00e9l\u00e9ment envoy\u00e9 aux adh\u00e9rents et administrateurs de l\u2019association Op\u00e9ra Junior \u00e0 partir de \u00ab operajunior.org \u00bb, notamment les questions, commentaires, informations, commandes ou suggestions, n\u2019est pas confidentiel. N\u00e9anmoins, nous nous engageons, en application avec le droit europ\u00e9en, \u00e0 respecter le GDPR envers celles-ci. Pour plus d\u2019informations \u00e0 ce sujet, nous vous invitons \u00e0 consulter le <a href=\"https:\/\/www.eugdpr.org\/\">portail d\u2019informations de l\u2019UE au sujet du GDPR<\/a>.<\/p><p>Toutes les informations et donn\u00e9es figurant dans \u00ab operajunior.org \u00bb vous sont fournies \u00ab en l\u2018\u00e9tat \u00bb, sans garantie d\u2019aucune sorte, qu\u2019elle soit explicite ou implicite. Vous reconnaissez \u00e9galement que vous \u00eates seul responsable de l\u2019usage que vous faites des donn\u00e9es ou informations contenues dans operajunior.org.<\/p><p>L\u2019association Op\u00e9ra Junior ne prend aucun engagement d\u2019aucune sorte concernant tout autre site web auquel vous pouvez avoir acc\u00e8s via \u00ab operajunior.org \u00bb. Il vous incombe notamment de prendre les pr\u00e9cautions n\u00e9cessaires pour vous assurer que le site que vous s\u00e9lectionnez pour votre usage n\u2019est pas infest\u00e9 de virus ou autre parasite informatique de nature destructive.<\/p><p>Tout litige portant sur \u00ab operajunior.org \u00bb ou un des \u00e9l\u00e9ments le composant est attribu\u00e9 aux Tribunaux de Blois, avec application du droit fran\u00e7ais.<\/p><p>\u00a0<\/p><h6>Cookies<\/h6><p>\u00a0<\/p><p>Ce site utilise quelques cookies \u2013 de petites portions de textes d\u00e9pos\u00e9es sur votre machine pour permettre d\u2019am\u00e9liorer l\u2019exp\u00e9rience utilisateur. En g\u00e9n\u00e9ral, les cookies permettent de m\u00e9moriser vos pr\u00e9f\u00e9rences, conserver certaines informations, et fournir quelques donn\u00e9es anonymis\u00e9es pour des services tiers comme Google Analytics. N\u00e9anmoins, vous pouvez choisir de refuser les cookies \u00e9manant de ce site ainsi que d\u2019autres, la solution la plus simple \u00e9tant de le faire depuis votre navigateur web. Nous vous conseillons de vous r\u00e9f\u00e9rer \u00e0 la section aide de votre navigateur. Voici deux exemples des cookies ainsi utilis\u00e9s par notre site internet :<\/p><p>\u00a0<\/p><ul><li><b>cfduid:<\/b>\u00a0employ\u00e9e par notre CDN CloudFlare pour identifier les clients individuels derri\u00e8re une adresse IP partag\u00e9e et appliquer des proc\u00e9dures de s\u00e9curit\u00e9 diff\u00e9renci\u00e9es selon les clients. Plus d\u2019information ici (en anglais) : \u00a0<a href=\"https:\/\/www.cloudflare.com\/privacypolicy\/\">CloudFlare Privacy Policy<\/a>.<\/li><\/ul><p>\u00a0<\/p><ul><li><b>PHPSESSID:<\/b> Pour identifier votre session sur notre site internet.<\/li><\/ul>\t\t\t\t\t\t\t\t<\/div>\n\t\t\t\t\t<\/div>\n\t\t<\/div>\n\t\t\t\t\t<\/div>\n\t\t<\/section>\n\t\t\t\t<\/div>\n\t\t","protected":false},"excerpt":{"rendered":"<p>Responsables \u00e9ditoriaux Sauf mention contraire, l\u2019ensemble du site et de ses contenus sont la propri\u00e9t\u00e9 et sous la responsabilit\u00e9 de l\u2019association :Op\u00e9ra Junior7, Avenue Georges Cl\u00e9menceau41100 Vend\u00f4meSIRET n\u00b092441500300012info@operajunior.org Site h\u00e9berg\u00e9 par OVH \u00e0 Gravelines (Nord \u2013 59), et propuls\u00e9 par WordPress 6.6 \u2013 PHP 8.4&#8230;<\/p>\n","protected":false},"author":1,"featured_media":0,"parent":0,"menu_order":0,"comment_status":"closed","ping_status":"closed","template":"","meta":{"footnotes":""},"class_list":["post-21991","page","type-page","status-publish","hentry"],"_links":{"self":[{"href":"https:\/\/operajunior.org\/index.php\/wp-json\/wp\/v2\/pages\/21991","targetHints":{"allow":["GET"]}}],"collection":[{"href":"https:\/\/operajunior.org\/index.php\/wp-json\/wp\/v2\/pages"}],"about":[{"href":"https:\/\/operajunior.org\/index.php\/wp-json\/wp\/v2\/types\/page"}],"author":[{"embeddable":true,"href":"https:\/\/operajunior.org\/index.php\/wp-json\/wp\/v2\/users\/1"}],"replies":[{"embeddable":true,"href":"https:\/\/operajunior.org\/index.php\/wp-json\/wp\/v2\/comments?post=21991"}],"version-history":[{"count":8,"href":"https:\/\/operajunior.org\/index.php\/wp-json\/wp\/v2\/pages\/21991\/revisions"}],"predecessor-version":[{"id":22086,"href":"https:\/\/operajunior.org\/index.php\/wp-json\/wp\/v2\/pages\/21991\/revisions\/22086"}],"wp:attachment":[{"href":"https:\/\/operajunior.org\/index.php\/wp-json\/wp\/v2\/media?parent=21991"}],"curies":[{"name":"wp","href":"https:\/\/api.w.org\/{rel}","templated":true}]}}